{"id":7654,"date":"2019-11-13T15:20:22","date_gmt":"2019-11-13T14:20:22","guid":{"rendered":"https:\/\/www.tornabuoni1.com\/cena-di-natale-e-capodanno\/"},"modified":"2019-12-12T16:15:22","modified_gmt":"2019-12-12T15:15:22","slug":"cena-di-natale","status":"publish","type":"page","link":"https:\/\/www.tornabuoni1.com\/it\/cena-di-natale\/","title":{"rendered":"Cena di Natale"},"content":{"rendered":"<div class=\"wpb-content-wrapper\"><p>[vc_row][vc_column][cl_heading title=&#8221;Cena della vigilia di Natale&#8221;][vc_column_text]\u00c8 un piacere invitarLa alla nostra <strong>cena della Vigilia di Natale<\/strong>, un evento speciale presso l\u2019Antica Torre di Via Tornabuoni n.1, dove potr\u00e0 godere di una splendida serata con inizio alle 19.30 e termine alle 22.30.<\/p>\n<p>Il costo della cena dipende dal Men\u00f9 scelto: il costo del Men\u00f9 della Terra \u00e8 di \u20ac 80 per adulto, il costo del Men\u00f9 del Mare \u00e8 di \u20ac\u00a0 75 per adulto e il costo del Men\u00f9 della Natura \u00e8 di \u20ac 70 per adulto (bevande non incluse,i bambini da zero a tre anni non pagano e i bambini da quattro a dodici anni pagano met\u00e0 prezzo rispetto al costo totale).<\/p>\n<p>Per garantire la disponibilit\u00e0, La preghiamo di <em>confermare<\/em> la Sua presenza <strong>entro e non oltre il 15 Dicembre 2019<\/strong>.<\/p>\n<p>La preghiamo inoltre di inviare la Sua richiesta all&#8217;indirizzo\u00a0 <a href=\"mailto:info@tornabuoni1.com\">info@tornabuoni1.com<\/a>.<\/p>\n<p>Le ricordiamo che la Santa Messa avr\u00e0 inizio alle 23.00 nella Cattedrale del Duomo, alle 22.45 nell\u2019 Abbazia di San Miniato a Monte e alle 23.00 nella chiesa dei Santi Apostoli.[\/vc_column_text][\/vc_column][\/vc_row][vc_row css=&#8221;.vc_custom_1573655115568{margin-top: 3% !important;}&#8221;][vc_column width=&#8221;1\/2&#8243;][vc_single_image image=&#8221;7648&#8243; img_size=&#8221;full&#8221; alignment=&#8221;center&#8221; onclick=&#8221;link_image&#8221;][\/vc_column][vc_column width=&#8221;1\/2&#8243;][vc_single_image image=&#8221;7693&#8243; img_size=&#8221;660&#215;660&#8243; alignment=&#8221;center&#8221; style=&#8221;vc_box_shadow_3d&#8221; onclick=&#8221;link_image&#8221;][\/vc_column][\/vc_row][vc_row disable_element=&#8221;yes&#8221;][vc_column][cl_gallery images=&#8221;7633,7635,7637,7639&#8243;][\/vc_column][\/vc_row]<\/p>\n<\/div>","protected":false},"excerpt":{"rendered":"<p>[vc_row][vc_column][cl_heading title=&#8221;Cena della vigilia di Natale&#8221;][vc_column_text]\u00c8 un piacere invitarLa alla nostra cena della Vigilia di Natale, un evento speciale presso l\u2019Antica Torre di Via Tornabuoni n.1, dove potr\u00e0 godere di una splendida serata con inizio alle 19.30 e termine alle 22.30. Il costo della cena dipende dal Men\u00f9 scelto: il costo del Men\u00f9 della Terra [&hellip;]<\/p>\n","protected":false},"author":2,"featured_media":0,"parent":0,"menu_order":0,"comment_status":"closed","ping_status":"closed","template":"","meta":{"footnotes":""},"class_list":["post-7654","page","type-page","status-publish","hentry"],"yoast_head":"<!-- This site is optimized with the Yoast SEO plugin v27.5 - https:\/\/yoast.com\/product\/yoast-seo-wordpress\/ -->\n<title>Cena di Natale - Antica Torre di Via Tornabuoni 1<\/title>\n<meta name=\"robots\" content=\"index, follow, max-snippet:-1, max-image-preview:large, max-video-preview:-1\" \/>\n<link rel=\"canonical\" href=\"https:\/\/www.tornabuoni1.com\/it\/cena-di-natale\/\" \/>\n<meta property=\"og:locale\" content=\"it_IT\" \/>\n<meta property=\"og:type\" content=\"article\" \/>\n<meta property=\"og:title\" content=\"Cena di Natale - Antica Torre di Via Tornabuoni 1\" \/>\n<meta property=\"og:description\" content=\"[vc_row][vc_column][cl_heading title=&#8221;Cena della vigilia di Natale&#8221;][vc_column_text]\u00c8 un piacere invitarLa alla nostra cena della Vigilia di Natale, un evento speciale presso l\u2019Antica Torre di Via Tornabuoni n.1, dove potr\u00e0 godere di una splendida serata con inizio alle 19.30 e termine alle 22.30. Il costo della cena dipende dal Men\u00f9 scelto: il costo del Men\u00f9 della Terra [&hellip;]\" \/>\n<meta property=\"og:url\" content=\"https:\/\/www.tornabuoni1.com\/it\/cena-di-natale\/\" \/>\n<meta property=\"og:site_name\" content=\"Antica Torre di Via Tornabuoni 1\" \/>\n<meta property=\"article:publisher\" content=\"https:\/\/www.facebook.com\/anticatorretornabuoni\" \/>\n<meta property=\"article:modified_time\" content=\"2019-12-12T15:15:22+00:00\" \/>\n<meta name=\"twitter:card\" content=\"summary_large_image\" \/>\n<meta name=\"twitter:label1\" content=\"Tempo di lettura stimato\" \/>\n\t<meta name=\"twitter:data1\" content=\"1 minuto\" \/>\n<script type=\"application\/ld+json\" class=\"yoast-schema-graph\">{\"@context\":\"https:\\\/\\\/schema.org\",\"@graph\":[{\"@type\":\"WebPage\",\"@id\":\"https:\\\/\\\/www.tornabuoni1.com\\\/it\\\/cena-di-natale\\\/\",\"url\":\"https:\\\/\\\/www.tornabuoni1.com\\\/it\\\/cena-di-natale\\\/\",\"name\":\"Cena di Natale - Antica Torre di Via Tornabuoni 1\",\"isPartOf\":{\"@id\":\"https:\\\/\\\/www.tornabuoni1.com\\\/it\\\/#website\"},\"datePublished\":\"2019-11-13T14:20:22+00:00\",\"dateModified\":\"2019-12-12T15:15:22+00:00\",\"breadcrumb\":{\"@id\":\"https:\\\/\\\/www.tornabuoni1.com\\\/it\\\/cena-di-natale\\\/#breadcrumb\"},\"inLanguage\":\"it-IT\",\"potentialAction\":[{\"@type\":\"ReadAction\",\"target\":[\"https:\\\/\\\/www.tornabuoni1.com\\\/it\\\/cena-di-natale\\\/\"]}]},{\"@type\":\"BreadcrumbList\",\"@id\":\"https:\\\/\\\/www.tornabuoni1.com\\\/it\\\/cena-di-natale\\\/#breadcrumb\",\"itemListElement\":[{\"@type\":\"ListItem\",\"position\":1,\"name\":\"Home\",\"item\":\"https:\\\/\\\/www.tornabuoni1.com\\\/it\\\/\"},{\"@type\":\"ListItem\",\"position\":2,\"name\":\"Cena di Natale\"}]},{\"@type\":\"WebSite\",\"@id\":\"https:\\\/\\\/www.tornabuoni1.com\\\/it\\\/#website\",\"url\":\"https:\\\/\\\/www.tornabuoni1.com\\\/it\\\/\",\"name\":\"Antica Torre di Via Tornabuoni 1\",\"description\":\"Antica Torre di Via Tornabuoni 1\",\"publisher\":{\"@id\":\"https:\\\/\\\/www.tornabuoni1.com\\\/it\\\/#organization\"},\"potentialAction\":[{\"@type\":\"SearchAction\",\"target\":{\"@type\":\"EntryPoint\",\"urlTemplate\":\"https:\\\/\\\/www.tornabuoni1.com\\\/it\\\/?s={search_term_string}\"},\"query-input\":{\"@type\":\"PropertyValueSpecification\",\"valueRequired\":true,\"valueName\":\"search_term_string\"}}],\"inLanguage\":\"it-IT\"},{\"@type\":\"Organization\",\"@id\":\"https:\\\/\\\/www.tornabuoni1.com\\\/it\\\/#organization\",\"name\":\"Antica Torre di Via Tornabuoni 1\",\"alternateName\":\"Antica Torre\",\"url\":\"https:\\\/\\\/www.tornabuoni1.com\\\/it\\\/\",\"logo\":{\"@type\":\"ImageObject\",\"inLanguage\":\"it-IT\",\"@id\":\"https:\\\/\\\/www.tornabuoni1.com\\\/it\\\/#\\\/schema\\\/logo\\\/image\\\/\",\"url\":\"https:\\\/\\\/www.tornabuoni1.com\\\/wp-content\\\/uploads\\\/2016\\\/01\\\/AT2_quadrato.png\",\"contentUrl\":\"https:\\\/\\\/www.tornabuoni1.com\\\/wp-content\\\/uploads\\\/2016\\\/01\\\/AT2_quadrato.png\",\"width\":192,\"height\":192,\"caption\":\"Antica Torre di Via Tornabuoni 1\"},\"image\":{\"@id\":\"https:\\\/\\\/www.tornabuoni1.com\\\/it\\\/#\\\/schema\\\/logo\\\/image\\\/\"},\"sameAs\":[\"https:\\\/\\\/www.facebook.com\\\/anticatorretornabuoni\",\"https:\\\/\\\/www.instagram.com\\\/tornabuoni_anticatorre\\\/\",\"https:\\\/\\\/www.pinterest.it\\\/anticatorre\\\/_created\\\/\"]}]}<\/script>\n<!-- \/ Yoast SEO plugin. -->","yoast_head_json":{"title":"Cena di Natale - Antica Torre di Via Tornabuoni 1","robots":{"index":"index","follow":"follow","max-snippet":"max-snippet:-1","max-image-preview":"max-image-preview:large","max-video-preview":"max-video-preview:-1"},"canonical":"https:\/\/www.tornabuoni1.com\/it\/cena-di-natale\/","og_locale":"it_IT","og_type":"article","og_title":"Cena di Natale - Antica Torre di Via Tornabuoni 1","og_description":"[vc_row][vc_column][cl_heading title=&#8221;Cena della vigilia di Natale&#8221;][vc_column_text]\u00c8 un piacere invitarLa alla nostra cena della Vigilia di Natale, un evento speciale presso l\u2019Antica Torre di Via Tornabuoni n.1, dove potr\u00e0 godere di una splendida serata con inizio alle 19.30 e termine alle 22.30. Il costo della cena dipende dal Men\u00f9 scelto: il costo del Men\u00f9 della Terra [&hellip;]","og_url":"https:\/\/www.tornabuoni1.com\/it\/cena-di-natale\/","og_site_name":"Antica Torre di Via Tornabuoni 1","article_publisher":"https:\/\/www.facebook.com\/anticatorretornabuoni","article_modified_time":"2019-12-12T15:15:22+00:00","twitter_card":"summary_large_image","twitter_misc":{"Tempo di lettura stimato":"1 minuto"},"schema":{"@context":"https:\/\/schema.org","@graph":[{"@type":"WebPage","@id":"https:\/\/www.tornabuoni1.com\/it\/cena-di-natale\/","url":"https:\/\/www.tornabuoni1.com\/it\/cena-di-natale\/","name":"Cena di Natale - Antica Torre di Via Tornabuoni 1","isPartOf":{"@id":"https:\/\/www.tornabuoni1.com\/it\/#website"},"datePublished":"2019-11-13T14:20:22+00:00","dateModified":"2019-12-12T15:15:22+00:00","breadcrumb":{"@id":"https:\/\/www.tornabuoni1.com\/it\/cena-di-natale\/#breadcrumb"},"inLanguage":"it-IT","potentialAction":[{"@type":"ReadAction","target":["https:\/\/www.tornabuoni1.com\/it\/cena-di-natale\/"]}]},{"@type":"BreadcrumbList","@id":"https:\/\/www.tornabuoni1.com\/it\/cena-di-natale\/#breadcrumb","itemListElement":[{"@type":"ListItem","position":1,"name":"Home","item":"https:\/\/www.tornabuoni1.com\/it\/"},{"@type":"ListItem","position":2,"name":"Cena di Natale"}]},{"@type":"WebSite","@id":"https:\/\/www.tornabuoni1.com\/it\/#website","url":"https:\/\/www.tornabuoni1.com\/it\/","name":"Antica Torre di Via Tornabuoni 1","description":"Antica Torre di Via Tornabuoni 1","publisher":{"@id":"https:\/\/www.tornabuoni1.com\/it\/#organization"},"potentialAction":[{"@type":"SearchAction","target":{"@type":"EntryPoint","urlTemplate":"https:\/\/www.tornabuoni1.com\/it\/?s={search_term_string}"},"query-input":{"@type":"PropertyValueSpecification","valueRequired":true,"valueName":"search_term_string"}}],"inLanguage":"it-IT"},{"@type":"Organization","@id":"https:\/\/www.tornabuoni1.com\/it\/#organization","name":"Antica Torre di Via Tornabuoni 1","alternateName":"Antica Torre","url":"https:\/\/www.tornabuoni1.com\/it\/","logo":{"@type":"ImageObject","inLanguage":"it-IT","@id":"https:\/\/www.tornabuoni1.com\/it\/#\/schema\/logo\/image\/","url":"https:\/\/www.tornabuoni1.com\/wp-content\/uploads\/2016\/01\/AT2_quadrato.png","contentUrl":"https:\/\/www.tornabuoni1.com\/wp-content\/uploads\/2016\/01\/AT2_quadrato.png","width":192,"height":192,"caption":"Antica Torre di Via Tornabuoni 1"},"image":{"@id":"https:\/\/www.tornabuoni1.com\/it\/#\/schema\/logo\/image\/"},"sameAs":["https:\/\/www.facebook.com\/anticatorretornabuoni","https:\/\/www.instagram.com\/tornabuoni_anticatorre\/","https:\/\/www.pinterest.it\/anticatorre\/_created\/"]}]}},"_links":{"self":[{"href":"https:\/\/www.tornabuoni1.com\/it\/wp-json\/wp\/v2\/pages\/7654","targetHints":{"allow":["GET"]}}],"collection":[{"href":"https:\/\/www.tornabuoni1.com\/it\/wp-json\/wp\/v2\/pages"}],"about":[{"href":"https:\/\/www.tornabuoni1.com\/it\/wp-json\/wp\/v2\/types\/page"}],"author":[{"embeddable":true,"href":"https:\/\/www.tornabuoni1.com\/it\/wp-json\/wp\/v2\/users\/2"}],"replies":[{"embeddable":true,"href":"https:\/\/www.tornabuoni1.com\/it\/wp-json\/wp\/v2\/comments?post=7654"}],"version-history":[{"count":10,"href":"https:\/\/www.tornabuoni1.com\/it\/wp-json\/wp\/v2\/pages\/7654\/revisions"}],"predecessor-version":[{"id":7789,"href":"https:\/\/www.tornabuoni1.com\/it\/wp-json\/wp\/v2\/pages\/7654\/revisions\/7789"}],"wp:attachment":[{"href":"https:\/\/www.tornabuoni1.com\/it\/wp-json\/wp\/v2\/media?parent=7654"}],"curies":[{"name":"wp","href":"https:\/\/api.w.org\/{rel}","templated":true}]}}