{"id":7897,"date":"2020-02-26T17:51:08","date_gmt":"2020-02-26T16:51:08","guid":{"rendered":"https:\/\/www.tornabuoni1.com\/?page_id=7897"},"modified":"2022-10-11T17:59:41","modified_gmt":"2022-10-11T15:59:41","slug":"una-volta-nella-vita","status":"publish","type":"page","link":"https:\/\/www.tornabuoni1.com\/it\/una-volta-nella-vita\/","title":{"rendered":"Una volta nella vita"},"content":{"rendered":"<div class=\"wpb-content-wrapper\"><p>[vc_row content_placement=&#8221;top&#8221; row_padding_bottom=&#8221;padding_bottom_none&#8221;][vc_column css=&#8221;.vc_custom_1582720731932{margin-top: 0% !important;}&#8221;][vc_column_text css=&#8221;.vc_custom_1665503996936{margin-top: 0% !important;margin-bottom: 5% !important;}&#8221;]Grazie alla collaborazione con alcune guide professioniste, siamo in grado di offrire ai nostri ospiti <strong>tour unici, speciali ed esclusivi fuori dall\u2019orario di apertura<\/strong>.<\/p>\n<p>Queste aperture saranno possibili tramite il nostro Concierge con prezzi diversi per ogni tipo di Museo. Ci\u00f2 significa che gli ospiti dell\u2019Antica Torre Tornabuoni possono avere accesso privato ai musei scelti e, inoltre, \u00e8 anche possibile organizzare aperitivi o cene private al museo.<br \/>\nEcco un assaggio di ci\u00f2 che possiamo offrire, ovviamente \u00e8 un\u2019esperienza \u201cuna volta nella vita\u201d:[\/vc_column_text][\/vc_column][\/vc_row][vc_row row_padding_bottom=&#8221;padding_bottom_none&#8221; sep_bottom=&#8221;separator_bottom sep_angled_negative_bottom&#8221;][vc_column][vc_single_image image=&#8221;7966&#8243; img_size=&#8221;full&#8221;][vc_column_text css=&#8221;.vc_custom_1582735751371{margin-top: 5% !important;margin-bottom: 5% !important;}&#8221;]<\/p>\n<h2><strong>GALLERIA DEGLI UFFIZI<\/strong><\/h2>\n<p><strong>Apertura serale speciale<\/strong> e visita al pi\u00f9 importante museo di pittura in Italia. Un dono che la famiglia Medici lasci\u00f2 in eredit\u00e0 alla citt\u00e0 di Firenze, ora mostra una collezione allettante che mostra l\u2019evoluzione nell\u2019arte dalle scintille del Rinascimento al 17 \u00b0 secolo. Potrai goderti senza la folla i capolavori di fama mondiale di Giotto, Botticelli, Leonardo, Michelangelo, Raffaello, Tiziano, Caravaggio e molti altri. L\u2019orario di ingresso sar\u00e0 intorno alle 19.30 e avrai una guida turistica esperta e autorizzata con te per apprezzare e comprendere meglio la collezione e i capolavori di fronte a te.[\/vc_column_text][\/vc_column][\/vc_row][vc_row row_padding_bottom=&#8221;padding_bottom_none&#8221; sep_bottom=&#8221;separator_bottom sep_angled_positive_bottom&#8221;][vc_column][vc_single_image image=&#8221;7971&#8243; img_size=&#8221;full&#8221;][vc_column_text css=&#8221;.vc_custom_1582735777811{margin-top: 5% !important;margin-bottom: 5% !important;}&#8221;]<\/p>\n<h2><strong>GALLERIA DELL\u2019ACCADEMIA<\/strong><\/h2>\n<p><strong>Apertura serale speciale<\/strong> della Galleria dell\u2019Accademia. Qui potrai godere appieno i capolavori di Michelangelo come i prigionieri, la piet\u00e0 e, naturalmente, il David. Lontana dalla folla e immersa in un magico silenzio, la tua guida ti racconter\u00e0 la storia di questo museo, dei suoi pezzi pi\u00f9 famosi e anche di quelli meno conosciuti, come il display di strumenti musicali con il primo piano mai costruito o l\u2019unico Violino completamente originale realizzato da Stradivari.[\/vc_column_text][\/vc_column][\/vc_row][vc_row row_padding_bottom=&#8221;padding_bottom_none&#8221;][vc_column][vc_single_image image=&#8221;7952&#8243; img_size=&#8221;full&#8221;][vc_column_text css=&#8221;.vc_custom_1582735800820{margin-top: 5% !important;margin-bottom: 5% !important;}&#8221;]<\/p>\n<h2><strong>BASILICA DI SANTA CROCE<\/strong><\/h2>\n<p><strong>Apertura speciale nel tardo pomeriggio<\/strong> della chiesa di Santa Croce. Chiamato il pantheon delle glorie italiane, ospita i resti mortali di molti personaggi chiave della storia italiana come Galileo Galilei, Michelangelo Buonarroti, Rossini, Machiavelli o Lorenzo Ghiberti. Una chiesa gotica francescana con affreschi di Giotto e della sua scuola, un luogo mistico con una storia lunga 800 anni da scoprire nella pace e tranquillit\u00e0 del tardo pomeriggio. Questa apertura speciale \u00e8 disponibile dal luned\u00ec al venerd\u00ec dalle 17.30 alle 19.00, ad eccezione di eventi speciali o funzioni liturgiche.[\/vc_column_text][\/vc_column][\/vc_row][vc_row row_padding_bottom=&#8221;padding_bottom_none&#8221;][vc_column][vc_single_image image=&#8221;7955&#8243; img_size=&#8221;full&#8221;][vc_column_text css=&#8221;.vc_custom_1582735820712{margin-top: 5% !important;margin-bottom: 5% !important;}&#8221;]<\/p>\n<h2><strong>MUSEO DEL BARGELLO<\/strong><\/h2>\n<p>Un edificio medievale incredibilmente ben conservato che fu usato come ufficio del Bargello (il capo della polizia) dal primo Rinascimento al XIX secolo. Un\u2019antica prigione che fu trasformata in museo nazionale nel XVIII secolo ed \u00e8 ora la casa delle pi\u00f9 importanti sculture rinascimentali, dalla prima opera d\u2019arte rinascimentale mai realizzata, alle splendide sculture uniche di Donatello, Verrocchio, Giambologna, Cellini e, ovviamente, Michelangelo. Potrai anche ammirare e stare nel famoso cortile dove nel 1786 fu abolita la pena di morte per Firenze e per tutto il Granducato di Toscana.[\/vc_column_text][\/vc_column][\/vc_row][vc_row row_padding_bottom=&#8221;padding_bottom_none&#8221;][vc_column][vc_single_image image=&#8221;7999&#8243; img_size=&#8221;full&#8221;][vc_column_text css=&#8221;.vc_custom_1582735841470{margin-top: 5% !important;margin-bottom: 5% !important;}&#8221;]<\/p>\n<h2><strong>MUSEO DI PALAZZO VECCHIO<\/strong><\/h2>\n<p>Sede del potere politico fiorentino sin dalla sua apertura nel 1301, il museo di Palazzo Vecchio vanta alcune delle stanze e degli appartamenti pi\u00f9 affascinanti di tutta la citt\u00e0. Sarai in grado di imparare la sua storia e tutte le diverse personalit\u00e0 che hanno lavorato e vissuto in questo edificio. Vedrai la famosa Sala del Cinquecento, vedrai una statua di Michelangelo, entrerai nello studio privato di un alchimista, ammirerai la vista dalle sue splendide terrazze, vedrai l\u2019ufficio di Machiavelli e alcune delle mappe del mondo meglio conservate del XVI secolo.[\/vc_column_text][\/vc_column][\/vc_row][vc_row row_padding_bottom=&#8221;padding_bottom_none&#8221;][vc_column][vc_single_image image=&#8221;7960&#8243; img_size=&#8221;full&#8221;][vc_column_text css=&#8221;.vc_custom_1582735865464{margin-top: 5% !important;margin-bottom: 5% !important;}&#8221;]<\/p>\n<h2><strong>MUSEO CASA BUONARROTI<\/strong><\/h2>\n<p><strong>Apertura privata<\/strong> di un gioiello meno conosciuto nel cuore del centro storico. Entrerai nella casa acquistata dal nipote di Michelangelo che raccoglie, espone e celebra le opere e i sogni di Michelangelo Buonarroti. Per secoli la famiglia Buonarroti e la fondazione Buonarroti hanno raccolto e conservato opere di Michelangelo: schizzi, sculture, ceramiche e studi. Un piccolo tesoro diviso su due piani di un palazzo barocco fiorentino.[\/vc_column_text][\/vc_column][\/vc_row]<\/p>\n<\/div>","protected":false},"excerpt":{"rendered":"<p>[vc_row content_placement=&#8221;top&#8221; row_padding_bottom=&#8221;padding_bottom_none&#8221;][vc_column css=&#8221;.vc_custom_1582720731932{margin-top: 0% !important;}&#8221;][vc_column_text css=&#8221;.vc_custom_1665503996936{margin-top: 0% !important;margin-bottom: 5% !important;}&#8221;]Grazie alla collaborazione con alcune guide professioniste, siamo in grado di offrire ai nostri ospiti tour unici, speciali ed esclusivi fuori dall\u2019orario di apertura. Queste aperture saranno possibili tramite il nostro Concierge con prezzi diversi per ogni tipo di Museo. Ci\u00f2 significa che gli ospiti [&hellip;]<\/p>\n","protected":false},"author":2,"featured_media":0,"parent":0,"menu_order":0,"comment_status":"closed","ping_status":"closed","template":"","meta":{"footnotes":""},"class_list":["post-7897","page","type-page","status-publish","hentry"],"yoast_head":"<!-- This site is optimized with the Yoast SEO plugin v27.3 - https:\/\/yoast.com\/product\/yoast-seo-wordpress\/ -->\n<title>Una volta nella vita - Antica Torre di Via Tornabuoni 1<\/title>\n<meta name=\"description\" content=\"Grazie alla collaborazione con alcune guide professioniste, siamo in grado di offrire ai nostri ospiti tour unici, speciali ed esclusivi fuori dall\u2019orario di apertura.\" \/>\n<meta name=\"robots\" content=\"index, follow, max-snippet:-1, max-image-preview:large, max-video-preview:-1\" \/>\n<link rel=\"canonical\" href=\"https:\/\/www.tornabuoni1.com\/it\/una-volta-nella-vita\/\" \/>\n<meta property=\"og:locale\" content=\"it_IT\" \/>\n<meta property=\"og:type\" content=\"article\" \/>\n<meta property=\"og:title\" content=\"Una volta nella vita - Antica Torre di Via Tornabuoni 1\" \/>\n<meta property=\"og:description\" content=\"Grazie alla collaborazione con alcune guide professioniste, siamo in grado di offrire ai nostri ospiti tour unici, speciali ed esclusivi fuori dall\u2019orario di apertura.\" \/>\n<meta property=\"og:url\" content=\"https:\/\/www.tornabuoni1.com\/it\/una-volta-nella-vita\/\" \/>\n<meta property=\"og:site_name\" content=\"Antica Torre di Via Tornabuoni 1\" \/>\n<meta property=\"article:publisher\" content=\"https:\/\/www.facebook.com\/anticatorretornabuoni\" \/>\n<meta property=\"article:modified_time\" content=\"2022-10-11T15:59:41+00:00\" \/>\n<meta name=\"twitter:card\" content=\"summary_large_image\" \/>\n<meta name=\"twitter:label1\" content=\"Tempo di lettura stimato\" \/>\n\t<meta name=\"twitter:data1\" content=\"3 minuti\" \/>\n<script type=\"application\/ld+json\" class=\"yoast-schema-graph\">{\"@context\":\"https:\\\/\\\/schema.org\",\"@graph\":[{\"@type\":\"WebPage\",\"@id\":\"https:\\\/\\\/www.tornabuoni1.com\\\/it\\\/una-volta-nella-vita\\\/\",\"url\":\"https:\\\/\\\/www.tornabuoni1.com\\\/it\\\/una-volta-nella-vita\\\/\",\"name\":\"Una volta nella vita - Antica Torre di Via Tornabuoni 1\",\"isPartOf\":{\"@id\":\"https:\\\/\\\/www.tornabuoni1.com\\\/it\\\/#website\"},\"datePublished\":\"2020-02-26T16:51:08+00:00\",\"dateModified\":\"2022-10-11T15:59:41+00:00\",\"description\":\"Grazie alla collaborazione con alcune guide professioniste, siamo in grado di offrire ai nostri ospiti tour unici, speciali ed esclusivi fuori dall\u2019orario di apertura.\",\"breadcrumb\":{\"@id\":\"https:\\\/\\\/www.tornabuoni1.com\\\/it\\\/una-volta-nella-vita\\\/#breadcrumb\"},\"inLanguage\":\"it-IT\",\"potentialAction\":[{\"@type\":\"ReadAction\",\"target\":[\"https:\\\/\\\/www.tornabuoni1.com\\\/it\\\/una-volta-nella-vita\\\/\"]}]},{\"@type\":\"BreadcrumbList\",\"@id\":\"https:\\\/\\\/www.tornabuoni1.com\\\/it\\\/una-volta-nella-vita\\\/#breadcrumb\",\"itemListElement\":[{\"@type\":\"ListItem\",\"position\":1,\"name\":\"Home\",\"item\":\"https:\\\/\\\/www.tornabuoni1.com\\\/it\\\/\"},{\"@type\":\"ListItem\",\"position\":2,\"name\":\"Una volta nella vita\"}]},{\"@type\":\"WebSite\",\"@id\":\"https:\\\/\\\/www.tornabuoni1.com\\\/it\\\/#website\",\"url\":\"https:\\\/\\\/www.tornabuoni1.com\\\/it\\\/\",\"name\":\"Antica Torre di Via Tornabuoni 1\",\"description\":\"Antica Torre di Via Tornabuoni 1\",\"publisher\":{\"@id\":\"https:\\\/\\\/www.tornabuoni1.com\\\/it\\\/#organization\"},\"potentialAction\":[{\"@type\":\"SearchAction\",\"target\":{\"@type\":\"EntryPoint\",\"urlTemplate\":\"https:\\\/\\\/www.tornabuoni1.com\\\/it\\\/?s={search_term_string}\"},\"query-input\":{\"@type\":\"PropertyValueSpecification\",\"valueRequired\":true,\"valueName\":\"search_term_string\"}}],\"inLanguage\":\"it-IT\"},{\"@type\":\"Organization\",\"@id\":\"https:\\\/\\\/www.tornabuoni1.com\\\/it\\\/#organization\",\"name\":\"Antica Torre di Via Tornabuoni 1\",\"alternateName\":\"Antica Torre\",\"url\":\"https:\\\/\\\/www.tornabuoni1.com\\\/it\\\/\",\"logo\":{\"@type\":\"ImageObject\",\"inLanguage\":\"it-IT\",\"@id\":\"https:\\\/\\\/www.tornabuoni1.com\\\/it\\\/#\\\/schema\\\/logo\\\/image\\\/\",\"url\":\"https:\\\/\\\/www.tornabuoni1.com\\\/wp-content\\\/uploads\\\/2016\\\/01\\\/AT2_quadrato.png\",\"contentUrl\":\"https:\\\/\\\/www.tornabuoni1.com\\\/wp-content\\\/uploads\\\/2016\\\/01\\\/AT2_quadrato.png\",\"width\":192,\"height\":192,\"caption\":\"Antica Torre di Via Tornabuoni 1\"},\"image\":{\"@id\":\"https:\\\/\\\/www.tornabuoni1.com\\\/it\\\/#\\\/schema\\\/logo\\\/image\\\/\"},\"sameAs\":[\"https:\\\/\\\/www.facebook.com\\\/anticatorretornabuoni\",\"https:\\\/\\\/www.instagram.com\\\/tornabuoni_anticatorre\\\/\",\"https:\\\/\\\/www.pinterest.it\\\/anticatorre\\\/_created\\\/\"]}]}<\/script>\n<!-- \/ Yoast SEO plugin. -->","yoast_head_json":{"title":"Una volta nella vita - Antica Torre di Via Tornabuoni 1","description":"Grazie alla collaborazione con alcune guide professioniste, siamo in grado di offrire ai nostri ospiti tour unici, speciali ed esclusivi fuori dall\u2019orario di apertura.","robots":{"index":"index","follow":"follow","max-snippet":"max-snippet:-1","max-image-preview":"max-image-preview:large","max-video-preview":"max-video-preview:-1"},"canonical":"https:\/\/www.tornabuoni1.com\/it\/una-volta-nella-vita\/","og_locale":"it_IT","og_type":"article","og_title":"Una volta nella vita - Antica Torre di Via Tornabuoni 1","og_description":"Grazie alla collaborazione con alcune guide professioniste, siamo in grado di offrire ai nostri ospiti tour unici, speciali ed esclusivi fuori dall\u2019orario di apertura.","og_url":"https:\/\/www.tornabuoni1.com\/it\/una-volta-nella-vita\/","og_site_name":"Antica Torre di Via Tornabuoni 1","article_publisher":"https:\/\/www.facebook.com\/anticatorretornabuoni","article_modified_time":"2022-10-11T15:59:41+00:00","twitter_card":"summary_large_image","twitter_misc":{"Tempo di lettura stimato":"3 minuti"},"schema":{"@context":"https:\/\/schema.org","@graph":[{"@type":"WebPage","@id":"https:\/\/www.tornabuoni1.com\/it\/una-volta-nella-vita\/","url":"https:\/\/www.tornabuoni1.com\/it\/una-volta-nella-vita\/","name":"Una volta nella vita - Antica Torre di Via Tornabuoni 1","isPartOf":{"@id":"https:\/\/www.tornabuoni1.com\/it\/#website"},"datePublished":"2020-02-26T16:51:08+00:00","dateModified":"2022-10-11T15:59:41+00:00","description":"Grazie alla collaborazione con alcune guide professioniste, siamo in grado di offrire ai nostri ospiti tour unici, speciali ed esclusivi fuori dall\u2019orario di apertura.","breadcrumb":{"@id":"https:\/\/www.tornabuoni1.com\/it\/una-volta-nella-vita\/#breadcrumb"},"inLanguage":"it-IT","potentialAction":[{"@type":"ReadAction","target":["https:\/\/www.tornabuoni1.com\/it\/una-volta-nella-vita\/"]}]},{"@type":"BreadcrumbList","@id":"https:\/\/www.tornabuoni1.com\/it\/una-volta-nella-vita\/#breadcrumb","itemListElement":[{"@type":"ListItem","position":1,"name":"Home","item":"https:\/\/www.tornabuoni1.com\/it\/"},{"@type":"ListItem","position":2,"name":"Una volta nella vita"}]},{"@type":"WebSite","@id":"https:\/\/www.tornabuoni1.com\/it\/#website","url":"https:\/\/www.tornabuoni1.com\/it\/","name":"Antica Torre di Via Tornabuoni 1","description":"Antica Torre di Via Tornabuoni 1","publisher":{"@id":"https:\/\/www.tornabuoni1.com\/it\/#organization"},"potentialAction":[{"@type":"SearchAction","target":{"@type":"EntryPoint","urlTemplate":"https:\/\/www.tornabuoni1.com\/it\/?s={search_term_string}"},"query-input":{"@type":"PropertyValueSpecification","valueRequired":true,"valueName":"search_term_string"}}],"inLanguage":"it-IT"},{"@type":"Organization","@id":"https:\/\/www.tornabuoni1.com\/it\/#organization","name":"Antica Torre di Via Tornabuoni 1","alternateName":"Antica Torre","url":"https:\/\/www.tornabuoni1.com\/it\/","logo":{"@type":"ImageObject","inLanguage":"it-IT","@id":"https:\/\/www.tornabuoni1.com\/it\/#\/schema\/logo\/image\/","url":"https:\/\/www.tornabuoni1.com\/wp-content\/uploads\/2016\/01\/AT2_quadrato.png","contentUrl":"https:\/\/www.tornabuoni1.com\/wp-content\/uploads\/2016\/01\/AT2_quadrato.png","width":192,"height":192,"caption":"Antica Torre di Via Tornabuoni 1"},"image":{"@id":"https:\/\/www.tornabuoni1.com\/it\/#\/schema\/logo\/image\/"},"sameAs":["https:\/\/www.facebook.com\/anticatorretornabuoni","https:\/\/www.instagram.com\/tornabuoni_anticatorre\/","https:\/\/www.pinterest.it\/anticatorre\/_created\/"]}]}},"_links":{"self":[{"href":"https:\/\/www.tornabuoni1.com\/it\/wp-json\/wp\/v2\/pages\/7897","targetHints":{"allow":["GET"]}}],"collection":[{"href":"https:\/\/www.tornabuoni1.com\/it\/wp-json\/wp\/v2\/pages"}],"about":[{"href":"https:\/\/www.tornabuoni1.com\/it\/wp-json\/wp\/v2\/types\/page"}],"author":[{"embeddable":true,"href":"https:\/\/www.tornabuoni1.com\/it\/wp-json\/wp\/v2\/users\/2"}],"replies":[{"embeddable":true,"href":"https:\/\/www.tornabuoni1.com\/it\/wp-json\/wp\/v2\/comments?post=7897"}],"version-history":[{"count":10,"href":"https:\/\/www.tornabuoni1.com\/it\/wp-json\/wp\/v2\/pages\/7897\/revisions"}],"predecessor-version":[{"id":10324,"href":"https:\/\/www.tornabuoni1.com\/it\/wp-json\/wp\/v2\/pages\/7897\/revisions\/10324"}],"wp:attachment":[{"href":"https:\/\/www.tornabuoni1.com\/it\/wp-json\/wp\/v2\/media?parent=7897"}],"curies":[{"name":"wp","href":"https:\/\/api.w.org\/{rel}","templated":true}]}}